{"id":2740,"date":"2021-08-30T13:16:52","date_gmt":"2021-08-30T11:16:52","guid":{"rendered":"https:\/\/sportpasionmotos.com\/?page_id=2740"},"modified":"2026-01-30T14:32:32","modified_gmt":"2026-01-30T13:32:32","slug":"contacto","status":"publish","type":"page","link":"https:\/\/sportpasionmotos.com\/index.php\/contacto\/","title":{"rendered":"Contacto"},"content":{"rendered":"\t\t<div data-elementor-type=\"wp-page\" data-elementor-id=\"2740\" class=\"elementor elementor-2740\" data-elementor-post-type=\"page\">\n\t\t\t\t\t\t<section class=\"elementor-section elementor-top-section elementor-element elementor-element-b437228 elementor-section-boxed elementor-section-height-default elementor-section-height-default\" data-id=\"b437228\" data-element_type=\"section\" data-e-type=\"section\">\n\t\t\t\t\t\t<div class=\"elementor-container elementor-column-gap-default\">\n\t\t\t\t\t<div class=\"elementor-column elementor-col-100 elementor-top-column elementor-element elementor-element-9dbac62\" data-id=\"9dbac62\" data-element_type=\"column\" data-e-type=\"column\">\n\t\t\t<div class=\"elementor-widget-wrap\">\n\t\t\t\t\t\t\t<\/div>\n\t\t<\/div>\n\t\t\t\t\t<\/div>\n\t\t<\/section>\n\t\t\t\t<section class=\"elementor-section elementor-top-section elementor-element elementor-element-adde410 elementor-section-boxed elementor-section-height-default elementor-section-height-default\" data-id=\"adde410\" data-element_type=\"section\" data-e-type=\"section\">\n\t\t\t\t\t\t<div class=\"elementor-container elementor-column-gap-default\">\n\t\t\t\t\t<div class=\"elementor-column elementor-col-100 elementor-top-column elementor-element elementor-element-d859d9d\" data-id=\"d859d9d\" data-element_type=\"column\" data-e-type=\"column\">\n\t\t\t<div class=\"elementor-widget-wrap\">\n\t\t\t\t\t\t\t<\/div>\n\t\t<\/div>\n\t\t\t\t\t<\/div>\n\t\t<\/section>\n\t\t\t\t<section class=\"elementor-section elementor-top-section elementor-element elementor-element-8c0725f elementor-section-boxed elementor-section-height-default elementor-section-height-default\" data-id=\"8c0725f\" data-element_type=\"section\" data-e-type=\"section\">\n\t\t\t\t\t\t<div class=\"elementor-container elementor-column-gap-default\">\n\t\t\t\t\t<div class=\"elementor-column elementor-col-100 elementor-top-column elementor-element elementor-element-60da386\" data-id=\"60da386\" data-element_type=\"column\" data-e-type=\"column\">\n\t\t\t<div class=\"elementor-widget-wrap\">\n\t\t\t\t\t\t\t<\/div>\n\t\t<\/div>\n\t\t\t\t\t<\/div>\n\t\t<\/section>\n\t\t\t\t<section class=\"elementor-section elementor-top-section elementor-element elementor-element-d363f60 elementor-section-boxed elementor-section-height-default elementor-section-height-default\" data-id=\"d363f60\" data-element_type=\"section\" data-e-type=\"section\">\n\t\t\t\t\t\t<div class=\"elementor-container elementor-column-gap-default\">\n\t\t\t\t\t<div class=\"elementor-column elementor-col-100 elementor-top-column elementor-element elementor-element-22a73f2\" data-id=\"22a73f2\" data-element_type=\"column\" data-e-type=\"column\">\n\t\t\t<div class=\"elementor-widget-wrap elementor-element-populated\">\n\t\t\t\t\t\t<div class=\"elementor-element elementor-element-c6dc5a0 elementor-widget elementor-widget-heading\" data-id=\"c6dc5a0\" data-element_type=\"widget\" data-e-type=\"widget\" data-widget_type=\"heading.default\">\n\t\t\t\t<div class=\"elementor-widget-container\">\n\t\t\t\t\t<h2 class=\"elementor-heading-title elementor-size-default\">\u00a1CONTACTA CON NOSOTROS! \n<\/h2>\t\t\t\t<\/div>\n\t\t\t\t<\/div>\n\t\t\t\t<div class=\"elementor-element elementor-element-2ff9e7c elementor-widget elementor-widget-text-editor\" data-id=\"2ff9e7c\" data-element_type=\"widget\" data-e-type=\"widget\" data-widget_type=\"text-editor.default\">\n\t\t\t\t<div class=\"elementor-widget-container\">\n\t\t\t\t\t\t\t\t\t<p>ESTAREMOS ENCANTADOS DE AYUDARTE<\/p>\t\t\t\t\t\t\t\t<\/div>\n\t\t\t\t<\/div>\n\t\t\t\t<div class=\"elementor-element elementor-element-ff272ee elementor-button-align-stretch elementor-widget elementor-widget-form\" data-id=\"ff272ee\" data-element_type=\"widget\" data-e-type=\"widget\" data-settings=\"{&quot;step_next_label&quot;:&quot;Siguiente&quot;,&quot;step_previous_label&quot;:&quot;Anterior&quot;,&quot;button_width&quot;:&quot;100&quot;,&quot;step_type&quot;:&quot;number_text&quot;,&quot;step_icon_shape&quot;:&quot;circle&quot;}\" data-widget_type=\"form.default\">\n\t\t\t\t<div class=\"elementor-widget-container\">\n\t\t\t\t\t\t\t<form class=\"elementor-form\" method=\"post\" name=\"CONTACTO SPORTPASION\" aria-label=\"CONTACTO SPORTPASION\">\n\t\t\t<input type=\"hidden\" name=\"post_id\" value=\"2740\"\/>\n\t\t\t<input type=\"hidden\" name=\"form_id\" value=\"ff272ee\"\/>\n\t\t\t<input type=\"hidden\" name=\"referer_title\" value=\"Contacto - Sportpasi\u00f3n Motos\" \/>\n\n\t\t\t\t\t\t\t<input type=\"hidden\" name=\"queried_id\" value=\"2740\"\/>\n\t\t\t\n\t\t\t<div class=\"elementor-form-fields-wrapper elementor-labels-above\">\n\t\t\t\t\t\t\t\t<div class=\"elementor-field-type-text elementor-field-group elementor-column elementor-field-group-name elementor-col-100 elementor-field-required elementor-mark-required\">\n\t\t\t\t\t\t\t\t\t\t\t\t<label for=\"form-field-name\" class=\"elementor-field-label\">\n\t\t\t\t\t\t\t\tNombre\t\t\t\t\t\t\t<\/label>\n\t\t\t\t\t\t\t\t\t\t\t\t\t\t<input size=\"1\" type=\"text\" name=\"form_fields[name]\" id=\"form-field-name\" class=\"elementor-field elementor-size-sm  elementor-field-textual\" placeholder=\"Nombre\" required=\"required\">\n\t\t\t\t\t\t\t\t\t\t\t<\/div>\n\t\t\t\t\t\t\t\t<div class=\"elementor-field-type-email elementor-field-group elementor-column elementor-field-group-email elementor-col-50 elementor-field-required elementor-mark-required\">\n\t\t\t\t\t\t\t\t\t\t\t\t<label for=\"form-field-email\" class=\"elementor-field-label\">\n\t\t\t\t\t\t\t\tEmail\t\t\t\t\t\t\t<\/label>\n\t\t\t\t\t\t\t\t\t\t\t\t\t\t<input size=\"1\" type=\"email\" name=\"form_fields[email]\" id=\"form-field-email\" class=\"elementor-field elementor-size-sm  elementor-field-textual\" placeholder=\"Email\" required=\"required\">\n\t\t\t\t\t\t\t\t\t\t\t<\/div>\n\t\t\t\t\t\t\t\t<div class=\"elementor-field-type-text elementor-field-group elementor-column elementor-field-group-tel elementor-col-50 elementor-field-required elementor-mark-required\">\n\t\t\t\t\t\t\t\t\t\t\t\t<label for=\"form-field-tel\" class=\"elementor-field-label\">\n\t\t\t\t\t\t\t\tTel\u00e9fono\t\t\t\t\t\t\t<\/label>\n\t\t\t\t\t\t\t\t\t\t\t\t\t\t<input size=\"1\" type=\"text\" name=\"form_fields[tel]\" id=\"form-field-tel\" class=\"elementor-field elementor-size-sm  elementor-field-textual\" placeholder=\"Tel\u00e9fono\" required=\"required\">\n\t\t\t\t\t\t\t\t\t\t\t<\/div>\n\t\t\t\t\t\t\t\t<div class=\"elementor-field-type-textarea elementor-field-group elementor-column elementor-field-group-message elementor-col-100 elementor-field-required elementor-mark-required\">\n\t\t\t\t\t\t\t\t\t\t\t\t<label for=\"form-field-message\" class=\"elementor-field-label\">\n\t\t\t\t\t\t\t\tConsulta\t\t\t\t\t\t\t<\/label>\n\t\t\t\t\t\t<textarea class=\"elementor-field-textual elementor-field  elementor-size-sm\" name=\"form_fields[message]\" id=\"form-field-message\" rows=\"4\" placeholder=\"Consulta\" required=\"required\"><\/textarea>\t\t\t\t<\/div>\n\t\t\t\t\t\t\t\t<div class=\"elementor-field-type-acceptance elementor-field-group elementor-column elementor-field-group-field_11c6de8 elementor-col-100 elementor-field-required elementor-mark-required\">\n\t\t\t\t\t\t\t<div class=\"elementor-field-subgroup\">\n\t\t\t<span class=\"elementor-field-option\">\n\t\t\t\t<input type=\"checkbox\" name=\"form_fields[field_11c6de8]\" id=\"form-field-field_11c6de8\" class=\"elementor-field elementor-size-sm  elementor-acceptance-field\" required=\"required\">\n\t\t\t\t<label for=\"form-field-field_11c6de8\">Estoy de acuerdo con <a href=\"https:\/\/sportpasionmotos.com\/index.php\/privacidad-y-cookies\/\">Pol\u00edtca de Privacidad y cookies<\/a> de este sitio.<\/label>\t\t\t<\/span>\n\t\t<\/div>\n\t\t\t\t\t\t<\/div>\n\t\t\t\t\t\t\t\t<div class=\"elementor-field-type-acceptance elementor-field-group elementor-column elementor-field-group-field_cc38a41 elementor-col-100 elementor-field-required elementor-mark-required\">\n\t\t\t\t\t\t\t<div class=\"elementor-field-subgroup\">\n\t\t\t<span class=\"elementor-field-option\">\n\t\t\t\t<input type=\"checkbox\" name=\"form_fields[field_cc38a41]\" id=\"form-field-field_cc38a41\" class=\"elementor-field elementor-size-sm  elementor-acceptance-field\" required=\"required\">\n\t\t\t\t<label for=\"form-field-field_cc38a41\">Acepto la comunicaci\u00f3n por v\u00eda telef\u00f3nica para facilitarme informaci\u00f3n sobre esta u otras consultas.<\/label>\t\t\t<\/span>\n\t\t<\/div>\n\t\t\t\t\t\t<\/div>\n\t\t\t\t\t\t\t\t<div class=\"elementor-field-type-recaptcha_v3 elementor-field-group elementor-column elementor-field-group-field_ca87979 elementor-col-100 recaptcha_v3-bottomright\">\n\t\t\t\t\t<div class=\"elementor-field\" id=\"form-field-field_ca87979\"><div class=\"elementor-g-recaptcha\" data-sitekey=\"6LdKGh0qAAAAAOr41VSGKdc4yczTnoI82LoLZy79\" data-type=\"v3\" data-action=\"Form\" data-badge=\"bottomright\" data-size=\"invisible\"><\/div><\/div>\t\t\t\t<\/div>\n\t\t\t\t\t\t\t\t<div class=\"elementor-field-group elementor-column elementor-field-type-submit elementor-col-100 e-form__buttons\">\n\t\t\t\t\t<button class=\"elementor-button elementor-size-sm\" type=\"submit\">\n\t\t\t\t\t\t<span class=\"elementor-button-content-wrapper\">\n\t\t\t\t\t\t\t\t\t\t\t\t\t\t\t\t\t\t\t\t\t\t<span class=\"elementor-button-text\">ENVIAR<\/span>\n\t\t\t\t\t\t\t\t\t\t\t\t\t<\/span>\n\t\t\t\t\t<\/button>\n\t\t\t\t<\/div>\n\t\t\t<\/div>\n\t\t<\/form>\n\t\t\t\t\t\t<\/div>\n\t\t\t\t<\/div>\n\t\t\t\t\t<\/div>\n\t\t<\/div>\n\t\t\t\t\t<\/div>\n\t\t<\/section>\n\t\t\t\t<section class=\"elementor-section elementor-top-section elementor-element elementor-element-c17cfe5 elementor-section-boxed elementor-section-height-default elementor-section-height-default\" data-id=\"c17cfe5\" data-element_type=\"section\" data-e-type=\"section\">\n\t\t\t\t\t\t<div class=\"elementor-container elementor-column-gap-default\">\n\t\t\t\t\t<div class=\"elementor-column elementor-col-100 elementor-top-column elementor-element elementor-element-ff81c6b\" data-id=\"ff81c6b\" data-element_type=\"column\" data-e-type=\"column\">\n\t\t\t<div class=\"elementor-widget-wrap elementor-element-populated\">\n\t\t\t\t\t\t<div class=\"elementor-element elementor-element-a4afb33 elementor-widget elementor-widget-google_maps\" data-id=\"a4afb33\" data-element_type=\"widget\" data-e-type=\"widget\" data-widget_type=\"google_maps.default\">\n\t\t\t\t<div class=\"elementor-widget-container\">\n\t\t\t\t\t\t\t<div class=\"elementor-custom-embed\">\n\t\t\t<iframe loading=\"lazy\"\n\t\t\t\t\tsrc=\"https:\/\/maps.google.com\/maps?q=sportpasi%C3%B3n%20vigo&#038;t=m&#038;z=14&#038;output=embed&#038;iwloc=near\"\n\t\t\t\t\ttitle=\"sportpasi\u00f3n vigo\"\n\t\t\t\t\taria-label=\"sportpasi\u00f3n vigo\"\n\t\t\t><\/iframe>\n\t\t<\/div>\n\t\t\t\t\t\t<\/div>\n\t\t\t\t<\/div>\n\t\t\t\t\t<\/div>\n\t\t<\/div>\n\t\t\t\t\t<\/div>\n\t\t<\/section>\n\t\t\t\t<section class=\"elementor-section elementor-top-section elementor-element elementor-element-d178671 elementor-section-boxed elementor-section-height-default elementor-section-height-default\" data-id=\"d178671\" data-element_type=\"section\" data-e-type=\"section\">\n\t\t\t\t\t\t<div class=\"elementor-container elementor-column-gap-default\">\n\t\t\t\t\t<div class=\"elementor-column elementor-col-33 elementor-top-column elementor-element elementor-element-5706b64\" data-id=\"5706b64\" data-element_type=\"column\" data-e-type=\"column\">\n\t\t\t<div class=\"elementor-widget-wrap elementor-element-populated\">\n\t\t\t\t\t\t<div class=\"elementor-element elementor-element-fbc58ee elementor-widget elementor-widget-heading\" data-id=\"fbc58ee\" data-element_type=\"widget\" data-e-type=\"widget\" data-widget_type=\"heading.default\">\n\t\t\t\t<div class=\"elementor-widget-container\">\n\t\t\t\t\t<h2 class=\"elementor-heading-title elementor-size-default\">Ubicaci\u00f3n<\/h2>\t\t\t\t<\/div>\n\t\t\t\t<\/div>\n\t\t\t\t<div class=\"elementor-element elementor-element-c1ce30b elementor-widget elementor-widget-text-editor\" data-id=\"c1ce30b\" data-element_type=\"widget\" data-e-type=\"widget\" data-widget_type=\"text-editor.default\">\n\t\t\t\t<div class=\"elementor-widget-container\">\n\t\t\t\t\t\t\t\t\t<p style=\"text-align: center;\">PTL de Vigo, Calle C &#8211; Nave C11<br \/>36315 Vigo, Pontevedra<\/p>\t\t\t\t\t\t\t\t<\/div>\n\t\t\t\t<\/div>\n\t\t\t\t\t<\/div>\n\t\t<\/div>\n\t\t\t\t<div class=\"elementor-column elementor-col-33 elementor-top-column elementor-element elementor-element-630d3dc\" data-id=\"630d3dc\" data-element_type=\"column\" data-e-type=\"column\">\n\t\t\t<div class=\"elementor-widget-wrap elementor-element-populated\">\n\t\t\t\t\t\t<div class=\"elementor-element elementor-element-69366af elementor-widget elementor-widget-heading\" data-id=\"69366af\" data-element_type=\"widget\" data-e-type=\"widget\" data-widget_type=\"heading.default\">\n\t\t\t\t<div class=\"elementor-widget-container\">\n\t\t\t\t\t<h2 class=\"elementor-heading-title elementor-size-default\">Horario<\/h2>\t\t\t\t<\/div>\n\t\t\t\t<\/div>\n\t\t\t\t<div class=\"elementor-element elementor-element-b268a9e elementor-widget elementor-widget-text-editor\" data-id=\"b268a9e\" data-element_type=\"widget\" data-e-type=\"widget\" data-widget_type=\"text-editor.default\">\n\t\t\t\t<div class=\"elementor-widget-container\">\n\t\t\t\t\t\t\t\t\t<p style=\"text-align: center;\"><strong>LUN-VIE<\/strong> 11:00 &#8211; 19:00<br \/><strong>S\u00c1BADOS<\/strong> 10:30 &#8211; 13:30<br \/><br \/><\/p>\t\t\t\t\t\t\t\t<\/div>\n\t\t\t\t<\/div>\n\t\t\t\t\t<\/div>\n\t\t<\/div>\n\t\t\t\t<div class=\"elementor-column elementor-col-33 elementor-top-column elementor-element elementor-element-edfe25b\" data-id=\"edfe25b\" data-element_type=\"column\" data-e-type=\"column\">\n\t\t\t<div class=\"elementor-widget-wrap elementor-element-populated\">\n\t\t\t\t\t\t<div class=\"elementor-element elementor-element-d1c0a68 elementor-widget elementor-widget-heading\" data-id=\"d1c0a68\" data-element_type=\"widget\" data-e-type=\"widget\" data-widget_type=\"heading.default\">\n\t\t\t\t<div class=\"elementor-widget-container\">\n\t\t\t\t\t<h2 class=\"elementor-heading-title elementor-size-default\">Contacto<\/h2>\t\t\t\t<\/div>\n\t\t\t\t<\/div>\n\t\t\t\t<div class=\"elementor-element elementor-element-11ed2ec elementor-widget elementor-widget-text-editor\" data-id=\"11ed2ec\" data-element_type=\"widget\" data-e-type=\"widget\" data-widget_type=\"text-editor.default\">\n\t\t\t\t<div class=\"elementor-widget-container\">\n\t\t\t\t\t\t\t\t\t<p style=\"text-align: center;\">886 405 118<\/p><p style=\"text-align: center;\">648 788 638 (Whatsapp)<\/p><p style=\"text-align: center;\">ventas@sportpasion.com<\/p>\t\t\t\t\t\t\t\t<\/div>\n\t\t\t\t<\/div>\n\t\t\t\t\t<\/div>\n\t\t<\/div>\n\t\t\t\t\t<\/div>\n\t\t<\/section>\n\t\t\t\t<section class=\"elementor-section elementor-top-section elementor-element elementor-element-31602f2 elementor-section-boxed elementor-section-height-default elementor-section-height-default\" data-id=\"31602f2\" data-element_type=\"section\" data-e-type=\"section\">\n\t\t\t\t\t\t<div class=\"elementor-container elementor-column-gap-default\">\n\t\t\t\t\t<div class=\"elementor-column elementor-col-100 elementor-top-column elementor-element elementor-element-5613dd7\" data-id=\"5613dd7\" data-element_type=\"column\" data-e-type=\"column\">\n\t\t\t<div class=\"elementor-widget-wrap elementor-element-populated\">\n\t\t\t\t\t\t<div class=\"elementor-element elementor-element-6101a20 elementor-shape-circle elementor-grid-0 e-grid-align-center elementor-widget elementor-widget-social-icons\" data-id=\"6101a20\" data-element_type=\"widget\" data-e-type=\"widget\" data-widget_type=\"social-icons.default\">\n\t\t\t\t<div class=\"elementor-widget-container\">\n\t\t\t\t\t\t\t<div class=\"elementor-social-icons-wrapper elementor-grid\" role=\"list\">\n\t\t\t\t\t\t\t<span class=\"elementor-grid-item\" role=\"listitem\">\n\t\t\t\t\t<a class=\"elementor-icon elementor-social-icon elementor-social-icon-facebook elementor-repeater-item-06568c6\" href=\"https:\/\/www.facebook.com\/sportpasionvigo\" target=\"_blank\">\n\t\t\t\t\t\t<span class=\"elementor-screen-only\">Facebook<\/span>\n\t\t\t\t\t\t<i aria-hidden=\"true\" class=\"fab fa-facebook\"><\/i>\t\t\t\t\t<\/a>\n\t\t\t\t<\/span>\n\t\t\t\t\t\t\t<span class=\"elementor-grid-item\" role=\"listitem\">\n\t\t\t\t\t<a class=\"elementor-icon elementor-social-icon elementor-social-icon-instagram elementor-repeater-item-479a002\" href=\"https:\/\/www.instagram.com\/sportpasionvigo\/\" target=\"_blank\">\n\t\t\t\t\t\t<span class=\"elementor-screen-only\">Instagram<\/span>\n\t\t\t\t\t\t<i aria-hidden=\"true\" class=\"fab fa-instagram\"><\/i>\t\t\t\t\t<\/a>\n\t\t\t\t<\/span>\n\t\t\t\t\t<\/div>\n\t\t\t\t\t\t<\/div>\n\t\t\t\t<\/div>\n\t\t\t\t\t<\/div>\n\t\t<\/div>\n\t\t\t\t\t<\/div>\n\t\t<\/section>\n\t\t\t\t<\/div>\n\t\t","protected":false},"excerpt":{"rendered":"<p>\u00a1CONTACTA CON NOSOTROS! ESTAREMOS ENCANTADOS DE AYUDARTE Ubicaci\u00f3n PTL de Vigo, Calle C &#8211; Nave C1136315 Vigo, Pontevedra Horario LUN-VIE 11:00 &#8211; 19:00S\u00c1BADOS 10:30 &#8211; 13:30 Contacto 886 405 118 648 788 638 (Whatsapp) ventas@sportpasion.com Facebook Instagram<\/p>\n","protected":false},"author":1,"featured_media":0,"parent":0,"menu_order":0,"comment_status":"closed","ping_status":"closed","template":"page-templates\/template-pagebuilder-full-width.php","meta":{"neve_meta_sidebar":"full-width","neve_meta_container":"","neve_meta_enable_content_width":"on","neve_meta_content_width":100,"neve_meta_title_alignment":"","neve_meta_author_avatar":"","neve_post_elements_order":"","neve_meta_disable_header":"","neve_meta_disable_footer":"","neve_meta_disable_title":"","_joinchat":[],"footnotes":""},"class_list":["post-2740","page","type-page","status-publish","hentry"],"yoast_head":"<!-- This site is optimized with the Yoast SEO plugin v27.6 - https:\/\/yoast.com\/product\/yoast-seo-wordpress\/ -->\n<title>Contacto - Sportpasi\u00f3n Motos<\/title>\n<meta name=\"robots\" content=\"index, follow, max-snippet:-1, max-image-preview:large, max-video-preview:-1\" \/>\n<link rel=\"canonical\" href=\"https:\/\/sportpasionmotos.com\/index.php\/contacto\/\" \/>\n<meta property=\"og:locale\" content=\"es_ES\" \/>\n<meta property=\"og:type\" content=\"article\" \/>\n<meta property=\"og:title\" content=\"Contacto - Sportpasi\u00f3n Motos\" \/>\n<meta property=\"og:description\" content=\"\u00a1CONTACTA CON NOSOTROS! ESTAREMOS ENCANTADOS DE AYUDARTE Ubicaci\u00f3n PTL de Vigo, Calle C &#8211; Nave C1136315 Vigo, Pontevedra Horario LUN-VIE 11:00 &#8211; 19:00S\u00c1BADOS 10:30 &#8211; 13:30 Contacto 886 405 118 648 788 638 (Whatsapp) ventas@sportpasion.com Facebook Instagram\" \/>\n<meta property=\"og:url\" content=\"https:\/\/sportpasionmotos.com\/index.php\/contacto\/\" \/>\n<meta property=\"og:site_name\" content=\"Sportpasi\u00f3n Motos\" \/>\n<meta property=\"article:modified_time\" content=\"2026-01-30T13:32:32+00:00\" \/>\n<meta name=\"twitter:card\" content=\"summary_large_image\" \/>\n<meta name=\"twitter:label1\" content=\"Tiempo de lectura\" \/>\n\t<meta name=\"twitter:data1\" content=\"1 minuto\" \/>\n<script type=\"application\/ld+json\" class=\"yoast-schema-graph\">{\"@context\":\"https:\\\/\\\/schema.org\",\"@graph\":[{\"@type\":\"WebPage\",\"@id\":\"https:\\\/\\\/sportpasionmotos.com\\\/index.php\\\/contacto\\\/\",\"url\":\"https:\\\/\\\/sportpasionmotos.com\\\/index.php\\\/contacto\\\/\",\"name\":\"Contacto - Sportpasi\u00f3n Motos\",\"isPartOf\":{\"@id\":\"https:\\\/\\\/sportpasionmotos.com\\\/#website\"},\"datePublished\":\"2021-08-30T11:16:52+00:00\",\"dateModified\":\"2026-01-30T13:32:32+00:00\",\"breadcrumb\":{\"@id\":\"https:\\\/\\\/sportpasionmotos.com\\\/index.php\\\/contacto\\\/#breadcrumb\"},\"inLanguage\":\"es\",\"potentialAction\":[{\"@type\":\"ReadAction\",\"target\":[\"https:\\\/\\\/sportpasionmotos.com\\\/index.php\\\/contacto\\\/\"]}]},{\"@type\":\"BreadcrumbList\",\"@id\":\"https:\\\/\\\/sportpasionmotos.com\\\/index.php\\\/contacto\\\/#breadcrumb\",\"itemListElement\":[{\"@type\":\"ListItem\",\"position\":1,\"name\":\"Portada\",\"item\":\"https:\\\/\\\/sportpasionmotos.com\\\/\"},{\"@type\":\"ListItem\",\"position\":2,\"name\":\"Contacto\"}]},{\"@type\":\"WebSite\",\"@id\":\"https:\\\/\\\/sportpasionmotos.com\\\/#website\",\"url\":\"https:\\\/\\\/sportpasionmotos.com\\\/\",\"name\":\"Sportpasi\u00f3n Motos\",\"description\":\"Concesionario SYM, Macbor, Moto Morini, QJ Motor y CF Moto en Pontevedra\",\"publisher\":{\"@id\":\"https:\\\/\\\/sportpasionmotos.com\\\/#organization\"},\"inLanguage\":\"es\"},{\"@type\":\"Organization\",\"@id\":\"https:\\\/\\\/sportpasionmotos.com\\\/#organization\",\"name\":\"Sportpasi\u00f3n Motos\",\"url\":\"https:\\\/\\\/sportpasionmotos.com\\\/\",\"logo\":{\"@type\":\"ImageObject\",\"inLanguage\":\"es\",\"@id\":\"https:\\\/\\\/sportpasionmotos.com\\\/#\\\/schema\\\/logo\\\/image\\\/\",\"url\":\"https:\\\/\\\/sportpasionmotos.com\\\/wp-content\\\/uploads\\\/2023\\\/08\\\/cropped-logo_aniversario_sportpasion.png\",\"contentUrl\":\"https:\\\/\\\/sportpasionmotos.com\\\/wp-content\\\/uploads\\\/2023\\\/08\\\/cropped-logo_aniversario_sportpasion.png\",\"width\":455,\"height\":155,\"caption\":\"Sportpasi\u00f3n Motos\"},\"image\":{\"@id\":\"https:\\\/\\\/sportpasionmotos.com\\\/#\\\/schema\\\/logo\\\/image\\\/\"}}]}<\/script>\n<!-- \/ Yoast SEO plugin. -->","yoast_head_json":{"title":"Contacto - Sportpasi\u00f3n Motos","robots":{"index":"index","follow":"follow","max-snippet":"max-snippet:-1","max-image-preview":"max-image-preview:large","max-video-preview":"max-video-preview:-1"},"canonical":"https:\/\/sportpasionmotos.com\/index.php\/contacto\/","og_locale":"es_ES","og_type":"article","og_title":"Contacto - Sportpasi\u00f3n Motos","og_description":"\u00a1CONTACTA CON NOSOTROS! ESTAREMOS ENCANTADOS DE AYUDARTE Ubicaci\u00f3n PTL de Vigo, Calle C &#8211; Nave C1136315 Vigo, Pontevedra Horario LUN-VIE 11:00 &#8211; 19:00S\u00c1BADOS 10:30 &#8211; 13:30 Contacto 886 405 118 648 788 638 (Whatsapp) ventas@sportpasion.com Facebook Instagram","og_url":"https:\/\/sportpasionmotos.com\/index.php\/contacto\/","og_site_name":"Sportpasi\u00f3n Motos","article_modified_time":"2026-01-30T13:32:32+00:00","twitter_card":"summary_large_image","twitter_misc":{"Tiempo de lectura":"1 minuto"},"schema":{"@context":"https:\/\/schema.org","@graph":[{"@type":"WebPage","@id":"https:\/\/sportpasionmotos.com\/index.php\/contacto\/","url":"https:\/\/sportpasionmotos.com\/index.php\/contacto\/","name":"Contacto - Sportpasi\u00f3n Motos","isPartOf":{"@id":"https:\/\/sportpasionmotos.com\/#website"},"datePublished":"2021-08-30T11:16:52+00:00","dateModified":"2026-01-30T13:32:32+00:00","breadcrumb":{"@id":"https:\/\/sportpasionmotos.com\/index.php\/contacto\/#breadcrumb"},"inLanguage":"es","potentialAction":[{"@type":"ReadAction","target":["https:\/\/sportpasionmotos.com\/index.php\/contacto\/"]}]},{"@type":"BreadcrumbList","@id":"https:\/\/sportpasionmotos.com\/index.php\/contacto\/#breadcrumb","itemListElement":[{"@type":"ListItem","position":1,"name":"Portada","item":"https:\/\/sportpasionmotos.com\/"},{"@type":"ListItem","position":2,"name":"Contacto"}]},{"@type":"WebSite","@id":"https:\/\/sportpasionmotos.com\/#website","url":"https:\/\/sportpasionmotos.com\/","name":"Sportpasi\u00f3n Motos","description":"Concesionario SYM, Macbor, Moto Morini, QJ Motor y CF Moto en Pontevedra","publisher":{"@id":"https:\/\/sportpasionmotos.com\/#organization"},"inLanguage":"es"},{"@type":"Organization","@id":"https:\/\/sportpasionmotos.com\/#organization","name":"Sportpasi\u00f3n Motos","url":"https:\/\/sportpasionmotos.com\/","logo":{"@type":"ImageObject","inLanguage":"es","@id":"https:\/\/sportpasionmotos.com\/#\/schema\/logo\/image\/","url":"https:\/\/sportpasionmotos.com\/wp-content\/uploads\/2023\/08\/cropped-logo_aniversario_sportpasion.png","contentUrl":"https:\/\/sportpasionmotos.com\/wp-content\/uploads\/2023\/08\/cropped-logo_aniversario_sportpasion.png","width":455,"height":155,"caption":"Sportpasi\u00f3n Motos"},"image":{"@id":"https:\/\/sportpasionmotos.com\/#\/schema\/logo\/image\/"}}]}},"jetpack_sharing_enabled":true,"_links":{"self":[{"href":"https:\/\/sportpasionmotos.com\/index.php\/wp-json\/wp\/v2\/pages\/2740","targetHints":{"allow":["GET"]}}],"collection":[{"href":"https:\/\/sportpasionmotos.com\/index.php\/wp-json\/wp\/v2\/pages"}],"about":[{"href":"https:\/\/sportpasionmotos.com\/index.php\/wp-json\/wp\/v2\/types\/page"}],"author":[{"embeddable":true,"href":"https:\/\/sportpasionmotos.com\/index.php\/wp-json\/wp\/v2\/users\/1"}],"replies":[{"embeddable":true,"href":"https:\/\/sportpasionmotos.com\/index.php\/wp-json\/wp\/v2\/comments?post=2740"}],"version-history":[{"count":70,"href":"https:\/\/sportpasionmotos.com\/index.php\/wp-json\/wp\/v2\/pages\/2740\/revisions"}],"predecessor-version":[{"id":4169,"href":"https:\/\/sportpasionmotos.com\/index.php\/wp-json\/wp\/v2\/pages\/2740\/revisions\/4169"}],"wp:attachment":[{"href":"https:\/\/sportpasionmotos.com\/index.php\/wp-json\/wp\/v2\/media?parent=2740"}],"curies":[{"name":"wp","href":"https:\/\/api.w.org\/{rel}","templated":true}]}}