{"id":2803,"date":"2021-12-03T12:53:06","date_gmt":"2021-12-03T11:53:06","guid":{"rendered":"https:\/\/sportpasionmotos.com\/?page_id=2803"},"modified":"2021-12-03T12:54:39","modified_gmt":"2021-12-03T11:54:39","slug":"privacidad-y-cookies","status":"publish","type":"page","link":"https:\/\/sportpasionmotos.com\/index.php\/privacidad-y-cookies\/","title":{"rendered":"Privacidad y cookies"},"content":{"rendered":"\t\t<div data-elementor-type=\"wp-page\" data-elementor-id=\"2803\" class=\"elementor elementor-2803\" data-elementor-post-type=\"page\">\n\t\t\t\t\t\t<section class=\"elementor-section elementor-top-section elementor-element elementor-element-b2b697c elementor-section-boxed elementor-section-height-default elementor-section-height-default\" data-id=\"b2b697c\" data-element_type=\"section\" data-e-type=\"section\">\n\t\t\t\t\t\t<div class=\"elementor-container elementor-column-gap-default\">\n\t\t\t\t\t<div class=\"elementor-column elementor-col-100 elementor-top-column elementor-element elementor-element-1d050dc\" data-id=\"1d050dc\" data-element_type=\"column\" data-e-type=\"column\">\n\t\t\t<div class=\"elementor-widget-wrap\">\n\t\t\t\t\t\t\t<\/div>\n\t\t<\/div>\n\t\t\t\t\t<\/div>\n\t\t<\/section>\n\t\t\t\t<section class=\"elementor-section elementor-top-section elementor-element elementor-element-01af235 elementor-section-boxed elementor-section-height-default elementor-section-height-default\" data-id=\"01af235\" data-element_type=\"section\" data-e-type=\"section\">\n\t\t\t\t\t\t<div class=\"elementor-container elementor-column-gap-default\">\n\t\t\t\t\t<div class=\"elementor-column elementor-col-100 elementor-top-column elementor-element elementor-element-2b8d786\" data-id=\"2b8d786\" data-element_type=\"column\" data-e-type=\"column\">\n\t\t\t<div class=\"elementor-widget-wrap\">\n\t\t\t\t\t\t\t<\/div>\n\t\t<\/div>\n\t\t\t\t\t<\/div>\n\t\t<\/section>\n\t\t\t\t<section class=\"elementor-section elementor-top-section elementor-element elementor-element-9dc61d6 elementor-section-boxed elementor-section-height-default elementor-section-height-default\" data-id=\"9dc61d6\" data-element_type=\"section\" data-e-type=\"section\">\n\t\t\t\t\t\t<div class=\"elementor-container elementor-column-gap-default\">\n\t\t\t\t\t<div class=\"elementor-column elementor-col-100 elementor-top-column elementor-element elementor-element-fed7769\" data-id=\"fed7769\" data-element_type=\"column\" data-e-type=\"column\">\n\t\t\t<div class=\"elementor-widget-wrap\">\n\t\t\t\t\t\t\t<\/div>\n\t\t<\/div>\n\t\t\t\t\t<\/div>\n\t\t<\/section>\n\t\t\t\t<section class=\"elementor-section elementor-top-section elementor-element elementor-element-f9fabd3 elementor-section-boxed elementor-section-height-default elementor-section-height-default\" data-id=\"f9fabd3\" data-element_type=\"section\" data-e-type=\"section\">\n\t\t\t\t\t\t<div class=\"elementor-container elementor-column-gap-default\">\n\t\t\t\t\t<div class=\"elementor-column elementor-col-100 elementor-top-column elementor-element elementor-element-abc3335\" data-id=\"abc3335\" data-element_type=\"column\" data-e-type=\"column\">\n\t\t\t<div class=\"elementor-widget-wrap elementor-element-populated\">\n\t\t\t\t\t\t<div class=\"elementor-element elementor-element-9b504b9 elementor-widget elementor-widget-text-editor\" data-id=\"9b504b9\" data-element_type=\"widget\" data-e-type=\"widget\" data-widget_type=\"text-editor.default\">\n\t\t\t\t<div class=\"elementor-widget-container\">\n\t\t\t\t\t\t\t\t\t<header class=\"page-header page-header--cms\"><h1 class=\"page-maintitle\">PRIVACIDAD Y COOKIES<\/h1><\/header><section id=\"content\" class=\"rte-content page-content page-content--cms page-cms-3\"><div id=\"elementor\" class=\"elementor\"><div id=\"elementor-inner\"><div id=\"elementor-section-wrap\"><div class=\"elementor-section elementor-element elementor-element-7bpcbhq elementor-top-section elementor-section-boxed elementor-section-height-default elementor-section-height-default\" data-element_type=\"section\"><div class=\"elementor-container elementor-column-gap-default\"><div class=\"elementor-row\"><div class=\"elementor-column elementor-element elementor-element-a60cl1p elementor-col-100 elementor-top-column\" data-element_type=\"column\"><div class=\"elementor-column-wrap elementor-element-populated\"><div class=\"elementor-widget-wrap\"><div class=\"elementor-widget elementor-element elementor-element-xjndjyu elementor-widget-text-editor\" data-element_type=\"text-editor\"><div class=\"elementor-widget-container\"><div class=\"elementor-text-editor rte-content\"><p>Siguiendo los principios de licitud, lealtad y transparencia, ponemos a tu disposici\u00f3n la presente Pol\u00edtica de Privacidad:<\/p><\/div><\/div><\/div><div class=\"elementor-widget elementor-element elementor-element-ox12dry elementor-widget-text-editor\" data-element_type=\"text-editor\"><div class=\"elementor-widget-container\"><div class=\"elementor-text-editor rte-content\"><p><strong>\u00bfQui\u00e9n es el Responsable del tratamiento de sus datos?<\/strong><br \/>GRM 2008 S.L.<br \/>CIF: B85420016<br \/>DOMICILIO SOCIAL:\u00a0Parque Tecnol\u00f3gico y Log\u00edstico de Vigo, Calle C Nave D1, 36315,\u00a0Vigo (Pontevedra)\u00a0<br \/>Email:\u00a0<a href=\"mailto:web@motopasionstore.com\">web@motopasionstore.com<\/a>\u00a0<br \/>Tel\u00e9fono:\u00a0<a href=\"tel:986288364\">986 288 364<\/a><\/p><p><strong>\u00bfCon qu\u00e9 finalidad tratamos sus datos personales?<\/strong><br \/>En GRM 2008 S.L. tratamos la informaci\u00f3n que nos facilita con la finalidad de gestionar la relaci\u00f3n contractual que nos une, gestionar el env\u00edo de la informaci\u00f3n que nos solicita, facilitar a los interesados ofertas de nuestros servicios y\/o productos de su inter\u00e9s y\/o gestionar su candidatura.<\/p><p><strong>\u00bfPor cu\u00e1nto tiempo conservaremos sus datos personales?<\/strong><br \/>Sus datos, ser\u00e1n conservados el tiempo m\u00ednimo necesario para la correcta prestaci\u00f3n del servicio ofrecido as\u00ed como para atender las responsabilidades que se pudieran derivar del mismo y de cualquier otra exigencia legal.<\/p><p><strong>\u00bfCu\u00e1l es la legitimaci\u00f3n para el tratamiento de sus datos?<\/strong><br \/>La base legal para el tratamiento de sus datos personales puede ser la ejecuci\u00f3n de una relaci\u00f3n contractual potencial y\/o suscrita, el inter\u00e9s leg\u00edtimo, la habilitaci\u00f3n legal y\/o el consentimiento del propio interesado. Los datos que le solicitamos son adecuados, pertinentes y estrictamente necesarios y en ning\u00fan caso est\u00e1 obligado a facilit\u00e1rnoslos, pero su no comunicaci\u00f3n podr\u00e1 afectar a la finalidad del servicio o la imposibilidad de prestarlo.<\/p><p><strong>\u00bfA qu\u00e9 destinatarios se comunicar\u00e1n sus datos?<\/strong><br \/>GRM 2008 S.L. no comunicar\u00e1 sus datos a ning\u00fan tercero, salvo que se informe de ello expresamente.<\/p><p><strong>\u00bfCu\u00e1les son sus derechos cuando nos facilita sus datos?<\/strong><br \/>Los derechos de protecci\u00f3n de datos de los que son titulares los interesados son:<br \/>&#8211; Derecho a solicitar el acceso a los datos personales relativos al interesado.<br \/>&#8211; Derecho de rectificaci\u00f3n o supresi\u00f3n.<br \/>&#8211; Derecho de oposici\u00f3n.<br \/>&#8211; Derecho a solicitar la limitaci\u00f3n de su tratamiento.<br \/>&#8211; Derecho a la portabilidad de los datos .<br \/>Los titulares de los datos personales obtenidos, podr\u00e1n ejercer sus derechos de protecci\u00f3n de datos personales dirigiendo una comunicaci\u00f3n por escrito al domicilio social de GRM 2008 S.L. o al correo electr\u00f3nico habilitado a tal efecto,\u00a0<a href=\"mailto:web@motopasionstore.com\">web@motopasionstore.com<\/a>\u00a0, incluyendo en ambos casos fotocopia de su DNI u otro documento de identificaci\u00f3n equivalente. Modelos, formularios y m\u00e1s informaci\u00f3n disponible sobre sus derechos en la p\u00e1gina web de la autoridad de control nacional, Agencia Espa\u00f1ola de Protecci\u00f3n de Datos, en adelante, AEPD, www.agpd.es<\/p><p><strong>\u00bfPuedo retirar el consentimiento?<\/strong><br \/>Usted tiene la posibilidad y el derecho a retirar el consentimiento para cualquiera finalidad espec\u00edfica otorgada en su momento, sin que ello afecte a la licitud del tratamiento basado en el consentimiento previo a su retirada.<\/p><p><strong>\u00bfD\u00f3nde puedo reclamar en caso de que considere que no se tratan mis datos correctamente?<\/strong><br \/>Si alg\u00fan interesado considera que sus datos no son tratados correctamente por GRM 2008 S.L. puede dirigir sus reclamaciones al correo web@motopasionstore.com o a la autoridad de protecci\u00f3n de datos que corresponda, siendo la AEPD la indicada en el territorio nacional, www.agpd.es Seguridad y actualizaci\u00f3n de sus datos personales Con el objetivo de salvaguardar la seguridad de sus datos personales, le informamos que GRM 2008 S.L. ha adoptado todas las medidas de \u00edndole t\u00e9cnica y organizativa necesarias para garantizar la seguridad de los datos personales suministrados. Todo ello para evitar su alteraci\u00f3n, p\u00e9rdida, y\/o tratamientos o accesos no autorizados, tal como exige la normativa, si bien la seguridad absoluta no existe.<br \/>Es importante que, para que podamos mantener sus datos personales actualizados, nos informe siempre que se produzca una modificaci\u00f3n de los mismos.<\/p><p><strong>Confidencialidad<\/strong><br \/>GRM 2008 S.L. le informa que sus datos ser\u00e1n tratados con el m\u00e1ximo celo y confidencialidad por todo el personal que intervenga en cualquiera de las fases del tratamiento. No cederemos ni comunicaremos a ning\u00fan tercero sus datos, excepto en los casos legalmente previstos, o salvo que el interesado nos hubiera autorizado expresamente.<\/p><\/div><\/div><\/div><\/div><\/div><\/div><\/div><\/div><\/div><div class=\"elementor-section elementor-element elementor-element-gf8lqty elementor-top-section elementor-section-boxed elementor-section-height-default elementor-section-height-default\" data-element_type=\"section\"><div class=\"elementor-container elementor-column-gap-default\"><div class=\"elementor-row\"><div class=\"elementor-column elementor-element elementor-element-ommzl2j elementor-col-100 elementor-top-column\" data-element_type=\"column\"><div class=\"elementor-column-wrap elementor-element-populated\"><div class=\"elementor-widget-wrap\"><div class=\"elementor-widget elementor-element elementor-element-ce4url4 elementor-widget-heading\" data-element_type=\"heading\"><div class=\"elementor-widget-container\"><p class=\"elementor-heading-title elementor-size-default\">|\u00a0POL\u00cdTICA DE COOKIES\u00a0|<\/p><\/div><\/div><div class=\"elementor-widget elementor-element elementor-element-tzrexzy elementor-widget-text-editor\" data-element_type=\"text-editor\"><div class=\"elementor-widget-container\"><div class=\"elementor-text-editor rte-content\"><p><em>Cookie<\/em>\u00a0es un fichero que se descarga en su ordenador al acceder a determinadas p\u00e1ginas web. Las cookies permiten a una p\u00e1gina web, entre otras cosas, almacenar y recuperar informaci\u00f3n sobre los h\u00e1bitos de navegaci\u00f3n de un usuario o de su equipo y, dependiendo de la informaci\u00f3n que contengan y de la forma en que utilice su equipo, pueden utilizarse para reconocer al usuario. El navegador del usuario memoriza cookies en el disco duro solamente durante la sesi\u00f3n actual ocupando un espacio de memoria m\u00ednimo y no perjudicando al ordenador. Las cookies no contienen ninguna clase de informaci\u00f3n personal espec\u00edfica, y la mayor\u00eda de las mismas se borran del disco duro al finalizar la sesi\u00f3n de navegador (las denominadas cookies de sesi\u00f3n).<\/p><p>La mayor\u00eda de los navegadores aceptan como est\u00e1ndar a las cookies y, con independencia de las mismas, permiten o impiden en los ajustes de seguridad las cookies temporales o memorizadas.<\/p><p>Sin su expreso consentimiento \u2013mediante la activaci\u00f3n de las cookies en su navegador\u2013 Sportpasi\u00f3n no enlazar\u00e1 en las cookies los datos memorizados con sus datos personales proporcionados en el momento del registro o la compra.<\/p><p><strong>\u00bfQu\u00e9 tipos de cookies utiliza esta p\u00e1gina web?<\/strong><br \/>&#8211; Cookies t\u00e9cnicas: Son aqu\u00e9llas que permiten al usuario la navegaci\u00f3n a trav\u00e9s de una p\u00e1gina web, plataforma o aplicaci\u00f3n y la utilizaci\u00f3n de las diferentes opciones o servicios que en ella existan como, por ejemplo, controlar el tr\u00e1fico y la comunicaci\u00f3n de datos, identificar la sesi\u00f3n, acceder a partes de acceso restringido, recordar los elementos que integran un pedido, realizar el proceso de compra de un pedido, realizar la solicitud de inscripci\u00f3n o participaci\u00f3n en un evento, utilizar elementos de seguridad durante la navegaci\u00f3n, almacenar contenidos para la difusi\u00f3n de videos o sonido o compartir contenidos a trav\u00e9s de redes sociales.<br \/>&#8211; Cookies de personalizaci\u00f3n: Son aqu\u00e9llas que permiten al usuario acceder al servicio con algunas caracter\u00edsticas de car\u00e1cter general predefinidas en funci\u00f3n de una serie de criterios en el terminal del usuario como por ejemplo serian el idioma, el tipo de navegador a trav\u00e9s del cual accede al servicio, la configuraci\u00f3n regional desde donde accede al servicio, etc.<br \/>&#8211; Cookies de an\u00e1lisis: Son aqu\u00e9llas que bien tratadas por nosotros o por terceros, nos permiten cuantificar el n\u00famero de usuarios y as\u00ed realizar la medici\u00f3n y an\u00e1lisis estad\u00edstico de la utilizaci\u00f3n que hacen los usuarios del servicio ofertado. Para ello se analiza su navegaci\u00f3n en nuestra p\u00e1gina web con el fin de mejorar la oferta de productos o servicios que le ofrecemos.<br \/>&#8211; Cookies publicitarias: Son aqu\u00e9llas que, bien tratadas por nosotros o por terceros, nos permiten gestionar de la forma m\u00e1s eficaz posible la oferta de los espacios publicitarios que hay en la p\u00e1gina web, adecuando el contenido del anuncio al contenido del servicio solicitado o al uso que realice de nuestra p\u00e1gina web. Para ello podemos analizar sus h\u00e1bitos de navegaci\u00f3n en Internet y podemos mostrarle publicidad relacionada con su perfil de navegaci\u00f3n.<br \/>&#8211; Cookies de publicidad comportamental: Son aqu\u00e9llas que permiten la gesti\u00f3n, de la forma m\u00e1s eficaz posible, de los espacios publicitarios que, en su caso, el editor haya incluido en una p\u00e1gina web, aplicaci\u00f3n o plataforma desde la que presta el servicio solicitado. Estas cookies almacenan informaci\u00f3n del comportamiento de los usuarios obtenida a trav\u00e9s de la observaci\u00f3n continuada de sus h\u00e1bitos de navegaci\u00f3n, lo que permite desarrollar un perfil espec\u00edfico para mostrar publicidad en funci\u00f3n del mismo.<\/p><p><strong>Cookies de terceros<\/strong><br \/>La Web de Sportpasi\u00f3n puede utilizar servicios de terceros que, por cuenta de Sportpasi\u00f3n, recopilaran informaci\u00f3n con fines estad\u00edsticos, de uso del Site por parte del usuario y para la prestacion de otros servicios relacionados con la actividad del Website y otros servicios de Internet.\u00a0<\/p><p>En particular, este sitio Web utiliza Google Analytics, un servicio anal\u00edtico de web prestado por Google, Inc. con domicilio en los Estados Unidos con sede central en 1600 Amphitheatre Parkway, Mountain View, California 94043. Para la prestaci\u00f3n de estos servicios, estos utilizan cookies que recopilan la informaci\u00f3n, incluida la direcci\u00f3n IP del usuario, que ser\u00e1 transmitida, tratada y almacenada por Google en los t\u00e9rminos fijados en la Web Google.com. Incluyendo la posible transmisi\u00f3n de dicha informaci\u00f3n a terceros por razones de exigencia legal o cuando dichos terceros procesen la informaci\u00f3n por cuenta de Google.<\/p><p><strong>El Usuario acepta expresamente, por la utilizaci\u00f3n de este Site, el tratamiento de la informaci\u00f3n recabada en la forma y con los fines anteriormente mencionados.<\/strong>\u00a0Y asimismo reconoce conocer la posibilidad de rechazar el tratamiento de tales datos o informaci\u00f3n rechazando el uso de Cookies mediante la selecci\u00f3n de la configuraci\u00f3n apropiada a tal fin en su navegador. Si bien esta opci\u00f3n de bloqueo de Cookies en su navegador puede no permitirle el uso pleno de todas las funcionalidades del Website.<\/p><p>Puede usted permitir, bloquear o eliminar las cookies instaladas en su equipo mediante la configuraci\u00f3n de las opciones del navegador instalado en su ordenador:<br \/>&#8211; Chrome<br \/>&#8211; Explorer<br \/>&#8211; Firefox<br \/>&#8211; Safari<\/p><p>Si tiene dudas sobre esta pol\u00edtica de cookies, puede contactar con Sportpasi\u00f3n en web@motopasionstore.com<\/p><\/div><\/div><\/div><\/div><\/div><\/div><\/div><\/div><\/div><\/div><\/div><\/div><\/section>\t\t\t\t\t\t\t\t<\/div>\n\t\t\t\t<\/div>\n\t\t\t\t\t<\/div>\n\t\t<\/div>\n\t\t\t\t\t<\/div>\n\t\t<\/section>\n\t\t\t\t<\/div>\n\t\t","protected":false},"excerpt":{"rendered":"<p>PRIVACIDAD Y COOKIES Siguiendo los principios de licitud, lealtad y transparencia, ponemos a tu disposici\u00f3n la presente Pol\u00edtica de Privacidad: \u00bfQui\u00e9n es el Responsable del tratamiento de sus datos?GRM 2008 S.L.CIF: B85420016DOMICILIO SOCIAL:\u00a0Parque Tecnol\u00f3gico y Log\u00edstico de Vigo, Calle C Nave D1, 36315,\u00a0Vigo (Pontevedra)\u00a0Email:\u00a0web@motopasionstore.com\u00a0Tel\u00e9fono:\u00a0986 288 364 \u00bfCon qu\u00e9 finalidad tratamos sus datos personales?En GRM 2008&hellip;&nbsp;<a href=\"https:\/\/sportpasionmotos.com\/index.php\/privacidad-y-cookies\/\" rel=\"bookmark\">Leer m\u00e1s &raquo;<span class=\"screen-reader-text\">Privacidad y cookies<\/span><\/a><\/p>\n","protected":false},"author":1,"featured_media":0,"parent":0,"menu_order":0,"comment_status":"closed","ping_status":"closed","template":"page-templates\/template-pagebuilder-full-width.php","meta":{"neve_meta_sidebar":"full-width","neve_meta_container":"","neve_meta_enable_content_width":"on","neve_meta_content_width":100,"neve_meta_title_alignment":"","neve_meta_author_avatar":"","neve_post_elements_order":"","neve_meta_disable_header":"","neve_meta_disable_footer":"","neve_meta_disable_title":"","_joinchat":[],"footnotes":""},"class_list":["post-2803","page","type-page","status-publish","hentry"],"yoast_head":"<!-- This site is optimized with the Yoast SEO plugin v27.4 - https:\/\/yoast.com\/product\/yoast-seo-wordpress\/ -->\n<title>Privacidad y cookies - Sportpasi\u00f3n Motos<\/title>\n<meta name=\"robots\" content=\"index, follow, max-snippet:-1, max-image-preview:large, max-video-preview:-1\" \/>\n<link rel=\"canonical\" href=\"https:\/\/sportpasionmotos.com\/index.php\/privacidad-y-cookies\/\" \/>\n<meta property=\"og:locale\" content=\"es_ES\" \/>\n<meta property=\"og:type\" content=\"article\" \/>\n<meta property=\"og:title\" content=\"Privacidad y cookies - Sportpasi\u00f3n Motos\" \/>\n<meta property=\"og:description\" content=\"PRIVACIDAD Y COOKIES Siguiendo los principios de licitud, lealtad y transparencia, ponemos a tu disposici\u00f3n la presente Pol\u00edtica de Privacidad: \u00bfQui\u00e9n es el Responsable del tratamiento de sus datos?GRM 2008 S.L.CIF: B85420016DOMICILIO SOCIAL:\u00a0Parque Tecnol\u00f3gico y Log\u00edstico de Vigo, Calle C Nave D1, 36315,\u00a0Vigo (Pontevedra)\u00a0Email:\u00a0web@motopasionstore.com\u00a0Tel\u00e9fono:\u00a0986 288 364 \u00bfCon qu\u00e9 finalidad tratamos sus datos personales?En GRM 2008&hellip;&nbsp;Leer m\u00e1s &raquo;Privacidad y cookies\" \/>\n<meta property=\"og:url\" content=\"https:\/\/sportpasionmotos.com\/index.php\/privacidad-y-cookies\/\" \/>\n<meta property=\"og:site_name\" content=\"Sportpasi\u00f3n Motos\" \/>\n<meta property=\"article:modified_time\" content=\"2021-12-03T11:54:39+00:00\" \/>\n<meta name=\"twitter:card\" content=\"summary_large_image\" \/>\n<meta name=\"twitter:label1\" content=\"Tiempo de lectura\" \/>\n\t<meta name=\"twitter:data1\" content=\"8 minutos\" \/>\n<script type=\"application\/ld+json\" class=\"yoast-schema-graph\">{\"@context\":\"https:\\\/\\\/schema.org\",\"@graph\":[{\"@type\":\"WebPage\",\"@id\":\"https:\\\/\\\/sportpasionmotos.com\\\/index.php\\\/privacidad-y-cookies\\\/\",\"url\":\"https:\\\/\\\/sportpasionmotos.com\\\/index.php\\\/privacidad-y-cookies\\\/\",\"name\":\"Privacidad y cookies - Sportpasi\u00f3n Motos\",\"isPartOf\":{\"@id\":\"https:\\\/\\\/sportpasionmotos.com\\\/#website\"},\"datePublished\":\"2021-12-03T11:53:06+00:00\",\"dateModified\":\"2021-12-03T11:54:39+00:00\",\"breadcrumb\":{\"@id\":\"https:\\\/\\\/sportpasionmotos.com\\\/index.php\\\/privacidad-y-cookies\\\/#breadcrumb\"},\"inLanguage\":\"es\",\"potentialAction\":[{\"@type\":\"ReadAction\",\"target\":[\"https:\\\/\\\/sportpasionmotos.com\\\/index.php\\\/privacidad-y-cookies\\\/\"]}]},{\"@type\":\"BreadcrumbList\",\"@id\":\"https:\\\/\\\/sportpasionmotos.com\\\/index.php\\\/privacidad-y-cookies\\\/#breadcrumb\",\"itemListElement\":[{\"@type\":\"ListItem\",\"position\":1,\"name\":\"Portada\",\"item\":\"https:\\\/\\\/sportpasionmotos.com\\\/\"},{\"@type\":\"ListItem\",\"position\":2,\"name\":\"Privacidad y cookies\"}]},{\"@type\":\"WebSite\",\"@id\":\"https:\\\/\\\/sportpasionmotos.com\\\/#website\",\"url\":\"https:\\\/\\\/sportpasionmotos.com\\\/\",\"name\":\"Sportpasi\u00f3n Motos\",\"description\":\"Concesionario SYM, Macbor, Moto Morini, QJ Motor y CF Moto en Pontevedra\",\"publisher\":{\"@id\":\"https:\\\/\\\/sportpasionmotos.com\\\/#organization\"},\"inLanguage\":\"es\"},{\"@type\":\"Organization\",\"@id\":\"https:\\\/\\\/sportpasionmotos.com\\\/#organization\",\"name\":\"Sportpasi\u00f3n Motos\",\"url\":\"https:\\\/\\\/sportpasionmotos.com\\\/\",\"logo\":{\"@type\":\"ImageObject\",\"inLanguage\":\"es\",\"@id\":\"https:\\\/\\\/sportpasionmotos.com\\\/#\\\/schema\\\/logo\\\/image\\\/\",\"url\":\"https:\\\/\\\/sportpasionmotos.com\\\/wp-content\\\/uploads\\\/2023\\\/08\\\/cropped-logo_aniversario_sportpasion.png\",\"contentUrl\":\"https:\\\/\\\/sportpasionmotos.com\\\/wp-content\\\/uploads\\\/2023\\\/08\\\/cropped-logo_aniversario_sportpasion.png\",\"width\":455,\"height\":155,\"caption\":\"Sportpasi\u00f3n Motos\"},\"image\":{\"@id\":\"https:\\\/\\\/sportpasionmotos.com\\\/#\\\/schema\\\/logo\\\/image\\\/\"}}]}<\/script>\n<!-- \/ Yoast SEO plugin. -->","yoast_head_json":{"title":"Privacidad y cookies - Sportpasi\u00f3n Motos","robots":{"index":"index","follow":"follow","max-snippet":"max-snippet:-1","max-image-preview":"max-image-preview:large","max-video-preview":"max-video-preview:-1"},"canonical":"https:\/\/sportpasionmotos.com\/index.php\/privacidad-y-cookies\/","og_locale":"es_ES","og_type":"article","og_title":"Privacidad y cookies - Sportpasi\u00f3n Motos","og_description":"PRIVACIDAD Y COOKIES Siguiendo los principios de licitud, lealtad y transparencia, ponemos a tu disposici\u00f3n la presente Pol\u00edtica de Privacidad: \u00bfQui\u00e9n es el Responsable del tratamiento de sus datos?GRM 2008 S.L.CIF: B85420016DOMICILIO SOCIAL:\u00a0Parque Tecnol\u00f3gico y Log\u00edstico de Vigo, Calle C Nave D1, 36315,\u00a0Vigo (Pontevedra)\u00a0Email:\u00a0web@motopasionstore.com\u00a0Tel\u00e9fono:\u00a0986 288 364 \u00bfCon qu\u00e9 finalidad tratamos sus datos personales?En GRM 2008&hellip;&nbsp;Leer m\u00e1s &raquo;Privacidad y cookies","og_url":"https:\/\/sportpasionmotos.com\/index.php\/privacidad-y-cookies\/","og_site_name":"Sportpasi\u00f3n Motos","article_modified_time":"2021-12-03T11:54:39+00:00","twitter_card":"summary_large_image","twitter_misc":{"Tiempo de lectura":"8 minutos"},"schema":{"@context":"https:\/\/schema.org","@graph":[{"@type":"WebPage","@id":"https:\/\/sportpasionmotos.com\/index.php\/privacidad-y-cookies\/","url":"https:\/\/sportpasionmotos.com\/index.php\/privacidad-y-cookies\/","name":"Privacidad y cookies - Sportpasi\u00f3n Motos","isPartOf":{"@id":"https:\/\/sportpasionmotos.com\/#website"},"datePublished":"2021-12-03T11:53:06+00:00","dateModified":"2021-12-03T11:54:39+00:00","breadcrumb":{"@id":"https:\/\/sportpasionmotos.com\/index.php\/privacidad-y-cookies\/#breadcrumb"},"inLanguage":"es","potentialAction":[{"@type":"ReadAction","target":["https:\/\/sportpasionmotos.com\/index.php\/privacidad-y-cookies\/"]}]},{"@type":"BreadcrumbList","@id":"https:\/\/sportpasionmotos.com\/index.php\/privacidad-y-cookies\/#breadcrumb","itemListElement":[{"@type":"ListItem","position":1,"name":"Portada","item":"https:\/\/sportpasionmotos.com\/"},{"@type":"ListItem","position":2,"name":"Privacidad y cookies"}]},{"@type":"WebSite","@id":"https:\/\/sportpasionmotos.com\/#website","url":"https:\/\/sportpasionmotos.com\/","name":"Sportpasi\u00f3n Motos","description":"Concesionario SYM, Macbor, Moto Morini, QJ Motor y CF Moto en Pontevedra","publisher":{"@id":"https:\/\/sportpasionmotos.com\/#organization"},"inLanguage":"es"},{"@type":"Organization","@id":"https:\/\/sportpasionmotos.com\/#organization","name":"Sportpasi\u00f3n Motos","url":"https:\/\/sportpasionmotos.com\/","logo":{"@type":"ImageObject","inLanguage":"es","@id":"https:\/\/sportpasionmotos.com\/#\/schema\/logo\/image\/","url":"https:\/\/sportpasionmotos.com\/wp-content\/uploads\/2023\/08\/cropped-logo_aniversario_sportpasion.png","contentUrl":"https:\/\/sportpasionmotos.com\/wp-content\/uploads\/2023\/08\/cropped-logo_aniversario_sportpasion.png","width":455,"height":155,"caption":"Sportpasi\u00f3n Motos"},"image":{"@id":"https:\/\/sportpasionmotos.com\/#\/schema\/logo\/image\/"}}]}},"jetpack_sharing_enabled":true,"_links":{"self":[{"href":"https:\/\/sportpasionmotos.com\/index.php\/wp-json\/wp\/v2\/pages\/2803","targetHints":{"allow":["GET"]}}],"collection":[{"href":"https:\/\/sportpasionmotos.com\/index.php\/wp-json\/wp\/v2\/pages"}],"about":[{"href":"https:\/\/sportpasionmotos.com\/index.php\/wp-json\/wp\/v2\/types\/page"}],"author":[{"embeddable":true,"href":"https:\/\/sportpasionmotos.com\/index.php\/wp-json\/wp\/v2\/users\/1"}],"replies":[{"embeddable":true,"href":"https:\/\/sportpasionmotos.com\/index.php\/wp-json\/wp\/v2\/comments?post=2803"}],"version-history":[{"count":4,"href":"https:\/\/sportpasionmotos.com\/index.php\/wp-json\/wp\/v2\/pages\/2803\/revisions"}],"predecessor-version":[{"id":2808,"href":"https:\/\/sportpasionmotos.com\/index.php\/wp-json\/wp\/v2\/pages\/2803\/revisions\/2808"}],"wp:attachment":[{"href":"https:\/\/sportpasionmotos.com\/index.php\/wp-json\/wp\/v2\/media?parent=2803"}],"curies":[{"name":"wp","href":"https:\/\/api.w.org\/{rel}","templated":true}]}}